{"id":3942,"date":"2021-04-27T14:28:43","date_gmt":"2021-04-27T12:28:43","guid":{"rendered":"https:\/\/www.stainless.eu\/mentions-legales\/"},"modified":"2025-09-17T09:42:44","modified_gmt":"2025-09-17T07:42:44","slug":"note-legali","status":"publish","type":"page","link":"https:\/\/www.stainless.eu\/it\/note-legali\/","title":{"rendered":"Note legali"},"content":{"rendered":"<p>&nbsp;<\/p>\n<p>Data dell&#8217;ultimo aggiornamento 16 giugno 2021<\/p>\n<p><strong>Il sito web \u00e8 pubblicato da :<br \/>\n<\/strong><\/p>\n<p><strong>D\u00e9nomination sociale<\/strong> : STAINLESS<br \/>\nSoci\u00e9t\u00e9 par actions simplifi\u00e9e\u00a0 au capital social : 7 239 000 \u20ac<br \/>\n<strong>N\u00b0 t\u00e9l\u00e9phone<\/strong> : 33 (0) 3 81 48 57 40 <strong>&#8211; N\u00b0 t\u00e9l\u00e9copie<\/strong> : 33 (0) 3 81 48 57 52<br \/>\n<strong>N\u00b0 id. intracomm. <\/strong>: FR68434435988<br \/>\n<strong>RC\u00a0:<\/strong> 434435988 RCS BESANCON<br \/>\n<strong>SIRET<\/strong> : 43443598800028\u00a0 \/\u00a0 Code APE : 4672Z<br \/>\n<strong>Si\u00e8ge social :<br \/>\n<\/strong>Parc d&#8217;Activit\u00e9 de Dannemarie Chemaudin<br \/>\n4 Rue Thal\u00e8s<br \/>\n25410 DANNEMARIE-SUR-CRETE<br \/>\nFrance<br \/>\n<strong>Directeur de la publication :<\/strong> Service marketing<\/p>\n<p>&nbsp;<\/p>\n<p><strong>Il sito \u00e8 attualmente ospitato da:<\/strong><\/p>\n<p>Infomaniak \u2013 Rue Eug\u00e8ne-Marziano 25, 1227 Gen\u00e8ve \u2013 Suisse<\/p>\n<p>&nbsp;<\/p>\n<p><strong>Cr\u00e9ation &amp; D\u00e9veloppement<\/strong><\/p>\n<p>JAO communication \u2013\u00a0<a href=\"https:\/\/www.jaocreation.fr\/\" target=\"_blank\" rel=\"noopener\">Agence digitale \u00e0 Lyon<\/a><\/p>\n<p>&nbsp;<\/p>\n<p><strong>Propriet\u00e0 intellettuale<\/strong><\/p>\n<p>Tutte le immagini, i marchi, i loghi, i nomi di dominio e le informazioni in forma di testo o immagine presenti nel sito sono di propriet\u00e0 di STAINLESS o sono concessi in licenza d&#8217;uso.<br \/>\nQualsiasi utilizzo, anche parziale, tramite riproduzione, modifica, scaricamento, trasmissione o qualsiasi altro processo esistente presente o futuro \u00e8 soggetto a previa autorizzazione scritta (posta, e-mail, fax).<br \/>\nSono permesse solo le copie per uso privato e non commerciale con riserva dei diritti di propriet\u00e0 intellettuale menzionati. Anche la riproduzione di articoli o rapporti presenti in uno qualsiasi dei nostri siti di pubblicazione \u00e8 soggetta ad autorizzazione e deve riportare la dicitura &#8220;\u00a9STAINLESS &#8220;.<\/p>\n<p>&nbsp;<\/p>\n<p><b><strong>Limite di responsabilit\u00e0<\/strong><\/b><\/p>\n<p>Il contenuto di questo Sito pu\u00f2 contenere errori e\/o imprecisioni e\/o omissioni tecniche e tipografiche, che l\u2019utente del Sito riconosce e accetta. Le informazioni contenute nel sito non sono contrattuali e sono soggette a modifiche senza preavviso.<\/p>\n<p>Le informazioni presentate sul sito sono regolarmente aggiornate. Stainless non garantisce pertanto che le funzioni o le singole pagine del sito siano online e funzionino senza interruzioni o errori, o che il sito o il server che lo rende disponibile siano privi di virus o altri componenti dannosi. In nessun caso Stainless potr\u00e0 essere ritenuta responsabile per qualsiasi danno incidentale, diretto o indiretto derivante dall&#8217;uso degli elementi del sito.<\/p>\n<p>Questo sito web pu\u00f2 contenere link o riferimenti ad altri siti che non sono sotto il controllo di Stainless. Di conseguenza, Stainless non \u00e8 responsabile per il contenuto di tali altri siti e non sar\u00e0 responsabile per eventuali danni o lesioni derivanti dall&#8217;uso o dall&#8217;affidamento su tali contenuti o dall&#8217;accesso o dall&#8217;impossibilit\u00e0 di accedere a tali siti.<\/p>\n","protected":false},"excerpt":{"rendered":"<p>&nbsp; Data dell&#8217;ultimo aggiornamento 16 giugno 2021 Il sito web \u00e8 pubblicato da : D\u00e9nomination sociale : STAINLESS Soci\u00e9t\u00e9 par actions simplifi\u00e9e\u00a0 au capital social : 7 239 000 \u20ac N\u00b0 t\u00e9l\u00e9phone : 33 (0) 3 81 48 57 40 &#8211; N\u00b0 t\u00e9l\u00e9copie : 33 (0) 3 81 48 57 52 N\u00b0 id. intracomm. : [&hellip;]<\/p>\n","protected":false},"author":1,"featured_media":0,"parent":0,"menu_order":30,"comment_status":"closed","ping_status":"closed","template":"page-templates\/page-full-width.php","meta":{"_acf_changed":false,"footnotes":""},"class_list":["post-3942","page","type-page","status-publish","hentry"],"acf":[],"_links":{"self":[{"href":"https:\/\/www.stainless.eu\/it\/wp-json\/wp\/v2\/pages\/3942","targetHints":{"allow":["GET"]}}],"collection":[{"href":"https:\/\/www.stainless.eu\/it\/wp-json\/wp\/v2\/pages"}],"about":[{"href":"https:\/\/www.stainless.eu\/it\/wp-json\/wp\/v2\/types\/page"}],"author":[{"embeddable":true,"href":"https:\/\/www.stainless.eu\/it\/wp-json\/wp\/v2\/users\/1"}],"replies":[{"embeddable":true,"href":"https:\/\/www.stainless.eu\/it\/wp-json\/wp\/v2\/comments?post=3942"}],"version-history":[{"count":0,"href":"https:\/\/www.stainless.eu\/it\/wp-json\/wp\/v2\/pages\/3942\/revisions"}],"wp:attachment":[{"href":"https:\/\/www.stainless.eu\/it\/wp-json\/wp\/v2\/media?parent=3942"}],"curies":[{"name":"wp","href":"https:\/\/api.w.org\/{rel}","templated":true}]}}