{"id":4344,"date":"2021-04-27T14:28:43","date_gmt":"2021-04-27T12:28:43","guid":{"rendered":"https:\/\/www.stainless.eu\/mentions-legales\/"},"modified":"2024-11-07T13:48:31","modified_gmt":"2024-11-07T12:48:31","slug":"menciones-legales","status":"publish","type":"page","link":"https:\/\/www.stainless.eu\/es\/menciones-legales\/","title":{"rendered":"Menciones legales"},"content":{"rendered":"<p>&nbsp;<\/p>\n<p>Fecha de la \u00faltima actualizaci\u00f3n: 16 de junio de 2021<\/p>\n<p><strong>Le Site est \u00e9dit\u00e9 par :<br \/>\n<\/strong><\/p>\n<p><strong>D\u00e9nomination sociale<\/strong> : STAINLESS<br \/>\nSoci\u00e9t\u00e9 par actions simplifi\u00e9e\u00a0 au capital social : 7 239 000 \u20ac<br \/>\n<strong>N\u00b0 t\u00e9l\u00e9phone<\/strong> : 33 (0) 3 81 48 57 40 <strong>&#8211; N\u00b0 t\u00e9l\u00e9copie<\/strong> : 33 (0) 3 81 48 57 52<br \/>\n<strong>N\u00b0 id. intracomm. <\/strong>: FR68434435988<br \/>\n<strong>RC\u00a0:<\/strong> 434435988 RCS BESANCON<br \/>\n<strong>SIRET<\/strong> : 43443598800028\u00a0 \/\u00a0 Code APE : 4672Z<br \/>\n<strong>Si\u00e8ge social :<br \/>\n<\/strong>Parc d&#8217;Activit\u00e9 de Dannemarie Chemaudin<br \/>\n4 Rue Thal\u00e8s<br \/>\n25410 DANNEMARIE-SUR-CRETE<br \/>\nFrance<br \/>\n<strong>Directeur de la publication :<\/strong> Service marketing<\/p>\n<p>&nbsp;<\/p>\n<p><strong>El sitio actualmente es alojado por:<\/strong><\/p>\n<p>Infomaniak \u2013 Rue Eug\u00e8ne-Marziano 25, 1227 Gen\u00e8ve \u2013 Suisse<\/p>\n<p>&nbsp;<\/p>\n<p><strong>Cr\u00e9ation &amp; D\u00e9veloppement<\/strong><\/p>\n<p>JAO communication \u2013\u00a0<a href=\"https:\/\/www.jaocreation.fr\/\" target=\"_blank\" rel=\"noopener\">Agence digitale \u00e0 Lyon<\/a><\/p>\n<p>&nbsp;<\/p>\n<p><strong>Propiedad industrial<\/strong><\/p>\n<p>Todas las im\u00e1genes, marcas, logotipos, nombres de dominio e informaciones en forma de texto o de imagen presentes en el sitio son propiedad de STAINLESS o son objeto de una autorizaci\u00f3n de utilizaci\u00f3n.<br \/>\nToda utilizaci\u00f3n, incluso parcial por reproducci\u00f3n, modificaci\u00f3n, descarga, transmisi\u00f3n u otro procedimiento existente, presente o futuro, est\u00e1 sujeta a la previa autorizaci\u00f3n escrita (correo, correo electr\u00f3nico o fax). Solo se autorizan las copias para uso privado y no comercial, a reserva de los derechos de propiedad intelectual de los que se hace menci\u00f3n.<\/p>\n<p>La utilizaci\u00f3n de art\u00edculos o reportajes presentes en uno de nuestros sitios de publicaci\u00f3n tambi\u00e9n est\u00e1 sujeta a la autorizaci\u00f3n y deber\u00e1 llevar una menci\u00f3n \u00ab\u00a9STAINLESS\u00bb<\/p>\n<p>&nbsp;<\/p>\n<p><b><strong>L\u00edmite de responsabilidad<\/strong><\/b><\/p>\n<p>El contenido de este sitio puede tener errores, inexactitudes y\/u omisiones t\u00e9cnicas y tipogr\u00e1ficas, lo que usted reconoce y acepta al utilizar este sitio.<\/p>\n<p>Las informaciones contenidas en el sitio no son contractuales y est\u00e1n sujetas a modificaci\u00f3n sin previo aviso.<\/p>\n<p>Las informaciones presentadas en el sitio se actualizan con regularidad.<\/p>\n<p>Debido a ello, la sociedad Stainless no garantiza que las funciones ni ciertas p\u00e1ginas del sitio est\u00e9n en l\u00ednea y garantizadas sin interrupci\u00f3n y sin error, ni que el sitio ni el servidor que los pone a disposici\u00f3n est\u00e9n libres de virus y de otros componentes peligrosos.<\/p>\n<p>En ning\u00fan caso, la sociedad Stainless podr\u00e1 ser considerada responsable de los perjuicios fortuitos, directos o indirectos que resulten de la utilizaci\u00f3n de los elementos del sitio.<\/p>\n","protected":false},"excerpt":{"rendered":"<p>&nbsp; Fecha de la \u00faltima actualizaci\u00f3n: 16 de junio de 2021 Le Site est \u00e9dit\u00e9 par : D\u00e9nomination sociale : STAINLESS Soci\u00e9t\u00e9 par actions simplifi\u00e9e\u00a0 au capital social : 7 239 000 \u20ac N\u00b0 t\u00e9l\u00e9phone : 33 (0) 3 81 48 57 40 &#8211; N\u00b0 t\u00e9l\u00e9copie : 33 (0) 3 81 48 57 52 N\u00b0 [&hellip;]<\/p>\n","protected":false},"author":1,"featured_media":0,"parent":0,"menu_order":30,"comment_status":"closed","ping_status":"closed","template":"page-templates\/page-full-width.php","meta":{"_acf_changed":false,"footnotes":""},"class_list":["post-4344","page","type-page","status-publish","hentry"],"acf":[],"_links":{"self":[{"href":"https:\/\/www.stainless.eu\/es\/wp-json\/wp\/v2\/pages\/4344","targetHints":{"allow":["GET"]}}],"collection":[{"href":"https:\/\/www.stainless.eu\/es\/wp-json\/wp\/v2\/pages"}],"about":[{"href":"https:\/\/www.stainless.eu\/es\/wp-json\/wp\/v2\/types\/page"}],"author":[{"embeddable":true,"href":"https:\/\/www.stainless.eu\/es\/wp-json\/wp\/v2\/users\/1"}],"replies":[{"embeddable":true,"href":"https:\/\/www.stainless.eu\/es\/wp-json\/wp\/v2\/comments?post=4344"}],"version-history":[{"count":0,"href":"https:\/\/www.stainless.eu\/es\/wp-json\/wp\/v2\/pages\/4344\/revisions"}],"wp:attachment":[{"href":"https:\/\/www.stainless.eu\/es\/wp-json\/wp\/v2\/media?parent=4344"}],"curies":[{"name":"wp","href":"https:\/\/api.w.org\/{rel}","templated":true}]}}