{"id":3003,"date":"2021-04-27T14:28:43","date_gmt":"2021-04-27T12:28:43","guid":{"rendered":"https:\/\/www.stainless.eu\/mentions-legales\/"},"modified":"2025-09-17T09:42:43","modified_gmt":"2025-09-17T07:42:43","slug":"legal-notices","status":"publish","type":"page","link":"https:\/\/www.stainless.eu\/en\/legal-notices\/","title":{"rendered":"Legal notices"},"content":{"rendered":"<p>&nbsp;<\/p>\n<p>Last update 16 June 2021<\/p>\n<p><strong>The Site is edited by :<\/strong><\/p>\n<p><strong>D\u00e9nomination sociale<\/strong> : STAINLESS<br \/>\nSoci\u00e9t\u00e9 par actions simplifi\u00e9e\u00a0 au capital social : 7 239 000 \u20ac<br \/>\n<strong>N\u00b0 t\u00e9l\u00e9phone<\/strong> : 33 (0) 3 81 48 57 40 <strong>&#8211; N\u00b0 t\u00e9l\u00e9copie<\/strong> : 33 (0) 3 81 48 57 52<br \/>\n<strong>N\u00b0 id. intracomm. <\/strong>: FR68434435988<br \/>\n<strong>RC\u00a0:<\/strong> 434435988 RCS BESANCON<br \/>\n<strong>SIRET<\/strong> : 43443598800028\u00a0 \/\u00a0 Code APE : 4672Z<br \/>\n<strong>Si\u00e8ge social :<br \/>\n<\/strong>Parc d&#8217;Activit\u00e9 de Dannemarie Chemaudin<br \/>\n4 Rue Thal\u00e8s<br \/>\n25410 DANNEMARIE-SUR-CRETE<br \/>\nFrance<br \/>\n<strong>Directeur de la publication :<\/strong> Service marketing<\/p>\n<p>&nbsp;<\/p>\n<p><strong>The Site is currently hosted by:<\/strong><\/p>\n<p>Infomaniak \u2013 Rue Eug\u00e8ne-Marziano 25, 1227 Gen\u00e8ve \u2013 Suisse<\/p>\n<p>&nbsp;<\/p>\n<p><strong>Creation &amp; Development<\/strong><\/p>\n<p>JAO communication &#8211; LYON<\/p>\n<p>&nbsp;<\/p>\n<p><strong>Intellectual Property<\/strong><\/p>\n<p>All images, trademarks, logos, domain names and information in text or image form on the website are the property of STAINLESS or are licensed for use.<br \/>\nAny use, even partial, by reproduction, modification, downloading, transmission or any other existing or future process is subject to prior written authorisation (letter, e-mail, fax).<br \/>\nOnly copies for private, non-commercial use are authorised subject to the mentioned intellectual property rights. The reproduction of articles or reports from one of our publication websites is also subject to authorisation and must bear a &#8220;\u00a9STAINLESS\u201d statement<\/p>\n<p>&nbsp;<\/p>\n<p><b><strong>Limit of liability<\/strong><\/b><\/p>\n<p>The content of this website may contain errors and\/or inaccuracies and\/or technical and typographical omissions, which you acknowledge and accept by using this site. The information on the website is not contractually binding and is subject to change without notice.<\/p>\n<p>The information presented on the website is regularly updated. Stainless therefore does not guarantee that the website functions or individual pages will be online without interruption or error, nor that the website or the server that makes it available are free of viruses or other hazardous components. Under no circumstances can Stainless be held liable for any incidental, direct or indirect damage resulting from the use of the website elements.<\/p>\n<p>This Website may provide links or references to other sites not under the control of Stainless. As a result, Stainless declines any liability for the content of such other websites and cannot be held liable for any damage or injury arising from the use of, or reliance on such content, or from access to, or the inability to access such websites.<\/p>\n","protected":false},"excerpt":{"rendered":"<p>&nbsp; Last update 16 June 2021 The Site is edited by : D\u00e9nomination sociale : STAINLESS Soci\u00e9t\u00e9 par actions simplifi\u00e9e\u00a0 au capital social : 7 239 000 \u20ac N\u00b0 t\u00e9l\u00e9phone : 33 (0) 3 81 48 57 40 &#8211; N\u00b0 t\u00e9l\u00e9copie : 33 (0) 3 81 48 57 52 N\u00b0 id. intracomm. : FR68434435988 RC\u00a0: [&hellip;]<\/p>\n","protected":false},"author":1,"featured_media":0,"parent":0,"menu_order":30,"comment_status":"closed","ping_status":"closed","template":"page-templates\/page-full-width.php","meta":{"_acf_changed":false,"footnotes":""},"class_list":["post-3003","page","type-page","status-publish","hentry"],"acf":[],"_links":{"self":[{"href":"https:\/\/www.stainless.eu\/en\/wp-json\/wp\/v2\/pages\/3003","targetHints":{"allow":["GET"]}}],"collection":[{"href":"https:\/\/www.stainless.eu\/en\/wp-json\/wp\/v2\/pages"}],"about":[{"href":"https:\/\/www.stainless.eu\/en\/wp-json\/wp\/v2\/types\/page"}],"author":[{"embeddable":true,"href":"https:\/\/www.stainless.eu\/en\/wp-json\/wp\/v2\/users\/1"}],"replies":[{"embeddable":true,"href":"https:\/\/www.stainless.eu\/en\/wp-json\/wp\/v2\/comments?post=3003"}],"version-history":[{"count":0,"href":"https:\/\/www.stainless.eu\/en\/wp-json\/wp\/v2\/pages\/3003\/revisions"}],"wp:attachment":[{"href":"https:\/\/www.stainless.eu\/en\/wp-json\/wp\/v2\/media?parent=3003"}],"curies":[{"name":"wp","href":"https:\/\/api.w.org\/{rel}","templated":true}]}}