{"id":2999,"date":"2021-04-12T10:15:59","date_gmt":"2021-04-12T08:15:59","guid":{"rendered":"https:\/\/www.stainless.eu\/politique-de-confidentialite\/"},"modified":"2025-09-17T09:42:45","modified_gmt":"2025-09-17T07:42:45","slug":"personal-data-privacy","status":"publish","type":"page","link":"https:\/\/www.stainless.eu\/en\/personal-data-privacy\/","title":{"rendered":"Personal data privacy"},"content":{"rendered":"<p>&nbsp;<\/p>\n<p>Date de la derni\u00e8re mise \u00e0 jour 18 mars 2024<\/p>\n<p><strong>Protection des donn\u00e9es \u00e0 caract\u00e8re personnel<\/strong><\/p>\n<p>La pr\u00e9sente politique de confidentialit\u00e9 d\u00e9finit et vous informe de la mani\u00e8re dont STAINLESS et ses filiales utilisent et prot\u00e8gent les informations \u00e0 caract\u00e8re personnel des personnes physiques, que vous nous transmettez, le cas \u00e9ch\u00e9ant, lorsque vous utilisez le pr\u00e9sent site accessible \u00e0 partir de l\u2019URL suivante : https:\/\/www.stainless.eu (ci-apr\u00e8s le \u00ab Site \u00bb).<\/p>\n<p>Veuillez noter que cette politique de confidentialit\u00e9 est susceptible d\u2019\u00eatre modifi\u00e9e ou compl\u00e9t\u00e9e \u00e0 tout moment par STAINLESS, notamment en vue de se conformer \u00e0 toute \u00e9volution l\u00e9gislative, r\u00e8glementaire, jurisprudentielle ou technologique.<\/p>\n<p>D\u2019une mani\u00e8re g\u00e9n\u00e9rale, il vous est possible de visiter le Site de STAINLESS sans communiquer aucune information personnelle vous concernant.<\/p>\n<p>Il se peut cependant que vous ne puissiez pas b\u00e9n\u00e9ficier de certaines informations ou services que vous avez demand\u00e9 si vous refusez de nous communiquer des informations telles que vos coordonn\u00e9es. STAINLESS peut en effet \u00eatre amen\u00e9 dans certains cas \u00e0 vous demander de renseigner vos nom, pr\u00e9nom, adresse mail, num\u00e9ro de t\u00e9l\u00e9phone, entreprise et fonction (ci-apr\u00e8s vos \u00ab Informations Personnelles \u00bb). En fournissant ces informations, vous acceptez express\u00e9ment qu\u2019elles soient trait\u00e9es par STAINLESS, aux fins indiqu\u00e9es ci-apr\u00e8s ainsi qu\u2019aux fins rappel\u00e9es \u00e0 la fin de chaque formulaire.<\/p>\n<p>Conform\u00e9ment au R\u00e8glement G\u00e9n\u00e9ral sur la Protection des Donn\u00e9es \u00e0 Caract\u00e8re Personnel (RGPD) entr\u00e9 en application le 25 mai 2018, et \u00e0 la Loi Informatique et Libert\u00e9s du 6 janvier 1978 modifi\u00e9e, STAINLESS vous informe des points suivants :<\/p>\n<p><strong>1- Identit\u00e9 du responsable du traitement<\/strong><\/p>\n<p>Le responsable du traitement est la soci\u00e9t\u00e9 STAINLESS ayant son si\u00e8ge social au 4 rue Thal\u00e8s, F-25410 Dannemarie-sur-Cr\u00eate (ci-apr\u00e8s \u00ab STAINLESS \u00bb). STAINLESS dispose d&#8217;un Correspondant RGPD que vous pouvez joindre \u00e0 l\u2019adresse suivante : <a href=\"mailto:rgpd@stainless.eu\">rgpd[at]stainless.eu<\/a> \u2013 03 81 48 57 40<\/p>\n<p>&nbsp;<\/p>\n<p><strong>2- Le traitement de vos donn\u00e9es<\/strong><\/p>\n<p>Stainless n\u2019utilisera les donn\u00e9es que vous nous communiquez que pour r\u00e9pondre \u00e0 vos demandes. Si vous cochez la case correspondante du formulaire de contact, vous recevrez \u00e9galement les nouveaut\u00e9s et les nouveaux services propos\u00e9s sur le site Internet, nos Newsletters et communications.<\/p>\n<p>Vos Informations sont destin\u00e9es \u00e0 : STAINLESS, ses filiales, agents et partenaires. Elles ne feront l\u2019objet d\u2019aucune de transmission ou cession \u00e0 quiconque \u00e0 des fins commerciales ou de prospection, si vous n&#8217;y avez pas consenti.<\/p>\n<p>Elles sont conserv\u00e9es le temps n\u00e9cessaire au traitement de la demande et au maximum 3 ans apr\u00e8s le dernier contact.<\/p>\n<p>&nbsp;<\/p>\n<p><strong>3- Les droits des personnes physiques<\/strong><\/p>\n<p>Les personnes physiques disposent d\u2019un droit d\u2019acc\u00e8s, de rectification, d\u2019effacement, de limitation, de formuler des directives post-mortem, d\u2019opposition et de portabilit\u00e9 des donn\u00e9es \u00e0 caract\u00e8re personnel les concernant.\u00a0 Vous pouvez exercer ces droits en contactant STAINLESS par email \u00e0 [m\u00eame adresse que pour DPO] ou par courrier.<\/p>\n<p>Conform\u00e9ment au RGPD, en cas de piratage ou de fuite de donn\u00e9es, notre \u00e9quipe avertira la CNIL et les utilisateurs concern\u00e9s dans les plus brefs d\u00e9lais. Afin de limiter ce risque, STAINLESS met en \u0153uvre des mesures techniques et organisationnelles afin de prot\u00e9ger les donn\u00e9es personnelles contre les alt\u00e9rations, destructions et acc\u00e8s non autoris\u00e9s.<\/p>\n<p>&nbsp;<\/p>\n<p><strong>4- Politique relative aux cookies<\/strong><\/p>\n<p>Lors de la consultation du Site internet de Stainless, des informations relatives \u00e0 la navigation du Client sur le Site peuvent \u00eatre enregistr\u00e9es dans des fichiers texte appel\u00e9s &#8220;Cookies&#8221;, install\u00e9s sur le navigateur du Client.\u00a0\u00a0 Les cookies permettent de reconna\u00eetre le Client automatiquement, chaque fois que ce dernier consulte le Site, afin de personnaliser les conseils d\u2019achats et d\u2019apporter un meilleur service. Le Client peut bloquer les cookies\u00a0\u00a0 en activant le param\u00e8tre de son navigateur lui permettant de refuser tous ou certains des cookies. Cependant, si le Client choisit de bloquer tous les cookies, ce dernier ne sera plus en mesure d\u2019acc\u00e9der \u00e0 tout ou partie du Site.<\/p>\n<p>&nbsp;<\/p>\n<p>Afin d\u2019am\u00e9liorer la navigation au sein de son Site, Stainless recueille au cours de votre visite certaines donn\u00e9es via le d\u00e9p\u00f4t et la lecture de traceurs appel\u00e9s cookies.<\/p>\n<p>Les cookies internet : que sont-ils et que font-ils ?<\/p>\n<p>Les cookies sont des petits fichiers de texte qui sont enregistr\u00e9s sur l\u2019ordinateur de l\u2019Utilisateur quand un site est visit\u00e9. Une distinction est faite entre les cookies directs et les cookies indirects. Les cookies directs sont d\u00e9pos\u00e9s par les navigateurs internet ou les \u00e9diteurs de r\u00e9seaux sociaux.<\/p>\n<p>Vous avez la possibilit\u00e9 de param\u00e9trer ces cookies.<\/p>\n<p>La plupart des navigateurs Internet sont configur\u00e9s par d\u00e9faut de fa\u00e7on \u00e0 ce que le d\u00e9p\u00f4t de cookies soit autoris\u00e9. Votre navigateur vous offre l\u2019opportunit\u00e9 de modifier ces param\u00e8tres standards de mani\u00e8re \u00e0 ce que l\u2019ensemble des cookies soit rejet\u00e9s syst\u00e9matiquement ou bien \u00e0 ce qu\u2019une partie seulement des cookies soit accept\u00e9e ou refus\u00e9e en fonction de leur \u00e9metteur.<\/p>\n<p>Chaque navigateur Internet propose ses propres param\u00e8tres de gestion des cookies. Pour savoir de quelle mani\u00e8re modifier vos pr\u00e9f\u00e9rences en mati\u00e8re de cookies, vous trouverez ci-dessous les liens vers l\u2019aide n\u00e9cessaire pour acc\u00e9der au menu de votre navigateur pr\u00e9vu \u00e0 cet effet :<\/p>\n<p>Chrome : https:\/\/support.google.com\/chrome\/answer\/95647?hl=fr<\/p>\n<p>Firefox : https:\/\/support.mozilla.org\/fr\/kb\/activer-desactiver-cookies<\/p>\n<p>Internet Explorer : https:\/\/support.microsoft.com\/fr-fr\/help\/17442\/windows-internet-explorer-delete-manage-cookies#ie=ie-11<\/p>\n<p>Opera : http:\/\/help.opera.com\/Windows\/10.20\/fr\/cookies.html<\/p>\n<p>Safari : https:\/\/support.apple.com\/kb\/PH21411?viewlocale=fr_FR&amp;locale=fr_FR<\/p>\n<p>&nbsp;<\/p>\n<p>Les cookies de partage des r\u00e9seaux sociaux sont \u00e9mis et g\u00e9r\u00e9s par l\u2019\u00e9diteur du r\u00e9seau social concern\u00e9. Sous r\u00e9serve de votre consentement, ces cookies vous permettent de partager facilement une partie du contenu publi\u00e9 sur le site www.stainless.eu notamment par l\u2019interm\u00e9diaire d\u2019un \u00ab bouton \u00bb applicatif de partage selon le r\u00e9seau social concern\u00e9. Trois types de cookies de partage des r\u00e9seaux sociaux sont pr\u00e9sents sur le site de www.stainless.eu<\/p>\n<p>o LinkedIn, dont vous trouverez la politique relative aux cookies en cliquant sur le lien suivant : https:\/\/www.linkedin.com\/legal\/cookie-policy?_l=fr_FR<\/p>\n<p>o Twitter, dont vous trouverez les options d\u00e9di\u00e9es au contr\u00f4le ou \u00e0 la restriction de l\u2019utilisation des cookies ainsi que la politique d\u2019utilisation des cookies : https:\/\/support.twitter.com\/articles\/20170518#<\/p>\n<p>o YouTube, dont vous trouverez l\u2019aide n\u00e9cessaire pour supprimer les cookies \u00e0 partir du navigateur Google Chrome en cliquant sur le lien suivant : https:\/\/support.google.com\/youtube\/answer\/32050?hl=fr mais \u00e9galement la politique compl\u00e8te en mati\u00e8re de cookies \u00e0 partir du lien suivant : https:\/\/www.google.fr\/intl\/fr\/policies\/technologies\/cookies\/<\/p>\n<p>Pour de plus amples informations concernant les outils de ma\u00eetrise des cookies, vous pouvez consulter le site internet de la CNIL :<br \/>\nhttps:\/\/www.cnil.fr\/fr\/cookies-les-outils-pour-les-maitriser.<\/p>\n<p><strong>Les cookies indirects d\u00e9pos\u00e9s par Stainless et dur\u00e9e de conservation<\/strong><\/p>\n<p>Cookies Sendinblue<br \/>\nPermet d\u2019automatiser les actions marketing, de g\u00e9rer la publication de contenus et de publier des formulaires.<\/p>\n<p><strong>Cookies Matomo Analytics de MATOMO (version 4)\u00a0<\/strong><br \/>\nPermet d\u2019\u00e9tablir des statistiques concernant la fr\u00e9quentation et l\u2019utilisation de divers \u00e9l\u00e9ments du site web (comme les contenus\/pages que vous avez visit\u00e9). Ces donn\u00e9es participent \u00e0 l\u2019am\u00e9lioration de l\u2019ergonomie du site web de STAINLESS. Nous recueillons des <strong>donn\u00e9es anonymes<\/strong> conform\u00e9ment aux recommandations de la CNIL du 23\/09\/2021 (https:\/\/www.cnil.fr\/fr\/cookies-solutions-pour-les-outils-de-mesure-daudience)<\/p>\n<p>Dur\u00e9e maximum de 13 mois, sous r\u00e9serve du retrait de votre consentement.<\/p>\n<p>Les donn\u00e9es recueillies sont\u00a0:<\/p>\n<ul>\n<li>Votre adresse IP : une adresse IP est affect\u00e9e \u00e0 votre ordinateur par votre fournisseur d\u2019acc\u00e8s Internet pour vous permettre d\u2019acc\u00e9der \u00e0 Internet, l\u2019identifiant IP change \u00e0 chaque connexion et ne permet pas une identification automatique<\/li>\n<li>La date et l\u2019heure de votre visite sur le Site, ainsi que les pages que vous avez consult\u00e9es<\/li>\n<li>Le syst\u00e8me d\u2019exploitation de votre ordinateur et le logiciel de navigation<\/li>\n<li>Votre cheminement au travers du Site ainsi que la dur\u00e9e de votre connexion.<\/li>\n<\/ul>\n<p>Pour toute interrogation ou demande compl\u00e9mentaire d\u2019information relative \u00e0 la pr\u00e9sente politique des cookies, merci de bien vouloir nous contacter \u00e0 l\u2019adresse suivante : rgpd@stainless.eu<\/p>\n","protected":false},"excerpt":{"rendered":"<p>&nbsp; Date de la derni\u00e8re mise \u00e0 jour 18 mars 2024 Protection des donn\u00e9es \u00e0 caract\u00e8re personnel La pr\u00e9sente politique de confidentialit\u00e9 d\u00e9finit et vous informe de la mani\u00e8re dont STAINLESS et ses filiales utilisent et prot\u00e8gent les informations \u00e0 caract\u00e8re personnel des personnes physiques, que vous nous transmettez, le cas \u00e9ch\u00e9ant, lorsque vous utilisez [&hellip;]<\/p>\n","protected":false},"author":1,"featured_media":0,"parent":0,"menu_order":36,"comment_status":"closed","ping_status":"open","template":"page-templates\/page-full-width.php","meta":{"_acf_changed":false,"footnotes":""},"class_list":["post-2999","page","type-page","status-publish","hentry"],"acf":[],"_links":{"self":[{"href":"https:\/\/www.stainless.eu\/en\/wp-json\/wp\/v2\/pages\/2999","targetHints":{"allow":["GET"]}}],"collection":[{"href":"https:\/\/www.stainless.eu\/en\/wp-json\/wp\/v2\/pages"}],"about":[{"href":"https:\/\/www.stainless.eu\/en\/wp-json\/wp\/v2\/types\/page"}],"author":[{"embeddable":true,"href":"https:\/\/www.stainless.eu\/en\/wp-json\/wp\/v2\/users\/1"}],"replies":[{"embeddable":true,"href":"https:\/\/www.stainless.eu\/en\/wp-json\/wp\/v2\/comments?post=2999"}],"version-history":[{"count":0,"href":"https:\/\/www.stainless.eu\/en\/wp-json\/wp\/v2\/pages\/2999\/revisions"}],"wp:attachment":[{"href":"https:\/\/www.stainless.eu\/en\/wp-json\/wp\/v2\/media?parent=2999"}],"curies":[{"name":"wp","href":"https:\/\/api.w.org\/{rel}","templated":true}]}}