{"id":3458,"date":"2021-04-27T14:28:43","date_gmt":"2021-04-27T12:28:43","guid":{"rendered":"https:\/\/www.stainless.eu\/mentions-legales\/"},"modified":"2025-09-17T09:42:43","modified_gmt":"2025-09-17T07:42:43","slug":"impressum","status":"publish","type":"page","link":"https:\/\/www.stainless.eu\/de\/impressum\/","title":{"rendered":"Impressum"},"content":{"rendered":"<p>&nbsp;<\/p>\n<p>Aktualisierungsdatum 17-06-2021<\/p>\n<p><strong>Die Website wird ver\u00f6ffentlicht von:<br \/>\n<\/strong><\/p>\n<p><strong>Name der Firma:<\/strong> STAINLESS<br \/>\nSoci\u00e9t\u00e9 par actions simplifi\u00e9e\u00a0 au capital social : 7 239 000 \u20ac<br \/>\n<strong>Rufnummer<\/strong>: 33 (0) 3 81 48 57 40 <strong>&#8211; Fax<\/strong> : 33 (0) 3 81 48 57 52<br \/>\n<strong>N\u00b0 id. intracomm. <\/strong>: FR68434435988<br \/>\n<strong>RC\u00a0:<\/strong> 434435988 RCS BESANCON<br \/>\n<strong>SIRET<\/strong>: 43443598800028\u00a0 \/\u00a0 Code APE : 4672Z<br \/>\n<strong>Hauptgesch\u00e4ftsstelle:<br \/>\n<\/strong>Parc d&#8217;Activit\u00e9 de Dannemarie Chemaudin<br \/>\n4 Rue Thal\u00e8s<br \/>\n25410 DANNEMARIE-SUR-CRETE<br \/>\nFrance<br \/>\n<strong>Direktor der Ver\u00f6ffentlichung:<\/strong> Service marketing<\/p>\n<p>&nbsp;<\/p>\n<p><strong>Gegenw\u00e4rtiger Webhost dieser Website:<\/strong><\/p>\n<p>Infomaniak \u2013 Rue Eug\u00e8ne-Marziano 25, 1227 Gen\u00e8ve \u2013 Suisse<\/p>\n<p>&nbsp;<\/p>\n<p><strong>Erstellung und Entwicklung<\/strong><\/p>\n<p>JAO communication \u2013\u00a0<a href=\"https:\/\/www.jaocreation.fr\/\" target=\"_blank\" rel=\"noopener\">Agence digitale \u00e0 Lyon<\/a><\/p>\n<p>&nbsp;<\/p>\n<p><strong>Geistiges Eigentum<\/strong><\/p>\n<p>Alle Bilder, Marken, Logos, Domainnamen und Informationen in Text- oder Bildform auf dieser Website sind Eigentum von STAINLESS oder Gegenstand einer Lizenz zu deren Nutzung.<br \/>\nJegliche Nutzung, selbst auszugsweise, z. B. durch Vervielf\u00e4ltigung, Ver\u00e4nderung, Herunterladen, \u00dcbertragung oder durch andere gegenw\u00e4rtige oder k\u00fcnftige Verfahren bedarf der vorherigen schriftlichen Genehmigung (Schreiben, E-Mail, Fax).<br \/>\nLediglich Kopien f\u00fcr den privaten, nicht kommerziellen Gebrauch sind unter Vorbehalt der der genannten Schutzrechte erlaubt. Die Verwendung von Artikeln oder Berichten auf unseren Websites ist ebenfalls genehmigungspflichtig und ist mit dem Vermerk &#8222;\u00a9STAINLESS&#8220; zu versehen.<\/p>\n<p>&nbsp;<\/p>\n<p><b><strong>Haftungsbeschr\u00e4nkung<\/strong><\/b><\/p>\n<p>Der Inhalt dieser Website kann Fehler und\/oder Ungenauigkeiten und\/oder technische und typografische Auslassungen enthalten; sie anerkennen und akzeptieren diese durch die Nutzung der Website.<\/p>\n<p>Die auf der Website enthaltenen Informationen sind unverbindlich und k\u00f6nnen ohne vorherige Ank\u00fcndigung ge\u00e4ndert werden. Die Informationen auf der Website werden regelm\u00e4\u00dfig aktualisiert.<br \/>\nFolglich haftet Stainless weder f\u00fcr eine fehlerhafte Ausf\u00fchrung, noch f\u00fcr die Unterbrechung von Funktionen oder einzelner Seiten der Website oder daf\u00fcr, dass die Website oder der Server, der sie zur Verf\u00fcgung stellt, frei von Viren oder anderen sch\u00e4dlichen Komponenten ist.Stainless kann auf keinen Fall f\u00fcr zuf\u00e4llige, direkte oder indirekte Sch\u00e4den, die sich aus der Nutzung der Website ergeben, haftbar gemacht werden.<\/p>\n<p>Die vorliegende Website kann Links oder Verweise zu anderen Websites enthalten, die sich der Kontrolle von Stainless entziehen.<\/p>\n","protected":false},"excerpt":{"rendered":"<p>&nbsp; Aktualisierungsdatum 17-06-2021 Die Website wird ver\u00f6ffentlicht von: Name der Firma: STAINLESS Soci\u00e9t\u00e9 par actions simplifi\u00e9e\u00a0 au capital social : 7 239 000 \u20ac Rufnummer: 33 (0) 3 81 48 57 40 &#8211; Fax : 33 (0) 3 81 48 57 52 N\u00b0 id. intracomm. : FR68434435988 RC\u00a0: 434435988 RCS BESANCON SIRET: 43443598800028\u00a0 \/\u00a0 Code [&hellip;]<\/p>\n","protected":false},"author":1,"featured_media":0,"parent":0,"menu_order":30,"comment_status":"closed","ping_status":"closed","template":"page-templates\/page-full-width.php","meta":{"_acf_changed":false,"footnotes":""},"class_list":["post-3458","page","type-page","status-publish","hentry"],"acf":[],"_links":{"self":[{"href":"https:\/\/www.stainless.eu\/de\/wp-json\/wp\/v2\/pages\/3458","targetHints":{"allow":["GET"]}}],"collection":[{"href":"https:\/\/www.stainless.eu\/de\/wp-json\/wp\/v2\/pages"}],"about":[{"href":"https:\/\/www.stainless.eu\/de\/wp-json\/wp\/v2\/types\/page"}],"author":[{"embeddable":true,"href":"https:\/\/www.stainless.eu\/de\/wp-json\/wp\/v2\/users\/1"}],"replies":[{"embeddable":true,"href":"https:\/\/www.stainless.eu\/de\/wp-json\/wp\/v2\/comments?post=3458"}],"version-history":[{"count":0,"href":"https:\/\/www.stainless.eu\/de\/wp-json\/wp\/v2\/pages\/3458\/revisions"}],"wp:attachment":[{"href":"https:\/\/www.stainless.eu\/de\/wp-json\/wp\/v2\/media?parent=3458"}],"curies":[{"name":"wp","href":"https:\/\/api.w.org\/{rel}","templated":true}]}}